{"id":451,"date":"2022-07-22T11:10:58","date_gmt":"2022-07-22T11:10:58","guid":{"rendered":"http:\/\/raastriple-a.com\/?page_id=451"},"modified":"2022-10-12T12:54:40","modified_gmt":"2022-10-12T12:54:40","slug":"labore","status":"publish","type":"page","link":"https:\/\/raastriple-a.com\/de\/labore\/","title":{"rendered":"LABORE"},"content":{"rendered":"<div data-elementor-type=\"wp-page\" data-elementor-id=\"451\" class=\"elementor elementor-451\">\n\t\t\t\t\t\t\t\t\t<section class=\"elementor-section elementor-top-section elementor-element elementor-element-8267f74 elementor-section-boxed elementor-section-height-default elementor-section-height-default wpr-particle-no wpr-jarallax-no wpr-parallax-no wpr-sticky-section-no\" data-id=\"8267f74\" data-element_type=\"section\">\n\t\t\t\t\t\t<div class=\"elementor-container elementor-column-gap-default\">\n\t\t\t\t\t<div class=\"elementor-column elementor-col-100 elementor-top-column elementor-element elementor-element-47c5cf7\" data-id=\"47c5cf7\" data-element_type=\"column\">\n\t\t\t<div class=\"elementor-widget-wrap elementor-element-populated\">\n\t\t\t\t\t\t\t\t<div class=\"elementor-element elementor-element-4260abe e-transform elementor-widget elementor-widget-image\" data-id=\"4260abe\" data-element_type=\"widget\" data-settings=\"{&quot;_transform_scale_effect&quot;:{&quot;unit&quot;:&quot;px&quot;,&quot;size&quot;:1.094,&quot;sizes&quot;:[]},&quot;_transform_scale_effect_mobile&quot;:{&quot;unit&quot;:&quot;px&quot;,&quot;size&quot;:1.066,&quot;sizes&quot;:[]},&quot;_transform_scale_effect_tablet&quot;:{&quot;unit&quot;:&quot;px&quot;,&quot;size&quot;:&quot;&quot;,&quot;sizes&quot;:[]}}\" data-widget_type=\"image.default\">\n\t\t\t\t<div class=\"elementor-widget-container\">\n\t\t\t<style>\/*! elementor - v3.12.1 - 02-04-2023 *\/\n.elementor-widget-image{text-align:center}.elementor-widget-image a{display:inline-block}.elementor-widget-image a img[src$=\".svg\"]{width:48px}.elementor-widget-image img{vertical-align:middle;display:inline-block}<\/style>\t\t\t\t\t\t\t\t\t\t\t\t<img loading=\"lazy\" decoding=\"async\" width=\"1024\" height=\"469\" src=\"https:\/\/raastriple-a.com\/wp-content\/uploads\/2022\/07\/header_labs-1-1024x469.jpg\" class=\"attachment-large size-large wp-image-483\" alt=\"\" srcset=\"https:\/\/raastriple-a.com\/wp-content\/uploads\/2022\/07\/header_labs-1-980x449.jpg 980w, https:\/\/raastriple-a.com\/wp-content\/uploads\/2022\/07\/header_labs-1-480x220.jpg 480w\" sizes=\"auto, (min-width: 0px) and (max-width: 480px) 480px, (min-width: 481px) and (max-width: 980px) 980px, (min-width: 981px) 1024px, 100vw\" \/>\t\t\t\t\t\t\t\t\t\t\t\t\t\t\t<\/div>\n\t\t\t\t<\/div>\n\t\t\t\t\t<\/div>\n\t\t<\/div>\n\t\t\t\t\t\t\t<\/div>\n\t\t<\/section>\n\t\t\t\t<section class=\"elementor-section elementor-top-section elementor-element elementor-element-3576802 elementor-section-boxed elementor-section-height-default elementor-section-height-default wpr-particle-no wpr-jarallax-no wpr-parallax-no wpr-sticky-section-no\" data-id=\"3576802\" data-element_type=\"section\">\n\t\t\t\t\t\t<div class=\"elementor-container elementor-column-gap-default\">\n\t\t\t\t\t<div class=\"elementor-column elementor-col-100 elementor-top-column elementor-element elementor-element-34bcce5\" data-id=\"34bcce5\" data-element_type=\"column\">\n\t\t\t<div class=\"elementor-widget-wrap elementor-element-populated\">\n\t\t\t\t\t\t\t\t<div class=\"elementor-element elementor-element-66d990c elementor-widget elementor-widget-heading\" data-id=\"66d990c\" data-element_type=\"widget\" data-widget_type=\"heading.default\">\n\t\t\t\t<div class=\"elementor-widget-container\">\n\t\t\t<style>\/*! elementor - v3.12.1 - 02-04-2023 *\/\n.elementor-heading-title{padding:0;margin:0;line-height:1}.elementor-widget-heading .elementor-heading-title[class*=elementor-size-]>a{color:inherit;font-size:inherit;line-height:inherit}.elementor-widget-heading .elementor-heading-title.elementor-size-small{font-size:15px}.elementor-widget-heading .elementor-heading-title.elementor-size-medium{font-size:19px}.elementor-widget-heading .elementor-heading-title.elementor-size-large{font-size:29px}.elementor-widget-heading .elementor-heading-title.elementor-size-xl{font-size:39px}.elementor-widget-heading .elementor-heading-title.elementor-size-xxl{font-size:59px}<\/style><h3 class=\"elementor-heading-title elementor-size-default\"><p style=\"text-align: center;\"><span style=\"font-family: var( --e-global-typography-primary-font-family ), Sans-serif; font-size: 26px; font-weight: var( --e-global-typography-primary-font-weight );\"><font color=\"#ffffff\">Coming soon<\/font><\/span><span style=\"font-family: var( --e-global-typography-text-font-family ), Sans-serif; font-size: 22px; font-weight: var( --e-global-typography-text-font-weight );\"><\/span><\/p><\/h3>\t\t<\/div>\n\t\t\t\t<\/div>\n\t\t\t\t\t<\/div>\n\t\t<\/div>\n\t\t\t\t\t\t\t<\/div>\n\t\t<\/section>\n\t\t\t\t\t\t\t<\/div>","protected":false},"excerpt":{"rendered":"<p>Coming soon<\/p>","protected":false},"author":1,"featured_media":0,"parent":0,"menu_order":0,"comment_status":"closed","ping_status":"closed","template":"","meta":{"_et_pb_use_builder":"on","_et_pb_old_content":"<style>\/*! elementor - v3.6.8 - 27-07-2022 *\/\n.elementor-heading-title{padding:0;margin:0;line-height:1}.elementor-widget-heading .elementor-heading-title[class*=elementor-size-]>a{color:inherit;font-size:inherit;line-height:inherit}.elementor-widget-heading .elementor-heading-title.elementor-size-small{font-size:15px}.elementor-widget-heading .elementor-heading-title.elementor-size-medium{font-size:19px}.elementor-widget-heading .elementor-heading-title.elementor-size-large{font-size:29px}.elementor-widget-heading .elementor-heading-title.elementor-size-xl{font-size:39px}.elementor-widget-heading .elementor-heading-title.elementor-size-xxl{font-size:59px}<\/style><h2>Einzigartiger Labortest <\/p>\nmit Therapieempfehlung\n<h4>Information f\u00fcr Medizinische Labore<\/h4><\/h2>\t\t\n\t\t\t<h3>Bluthochdruck als Hauptrisiko f\u00fcr kardiovaskul\u00e4re Erkrankungen<br><\/h3>\t\t\n\t\t<p>Die innovative molekulare Laboranalyse RAAS Triple-A\u2122 macht personalisiertes Blutdruck-Management m\u00f6glich. Einsatzzweck ist die Ursachenabkl\u00e4rung von unkontrollierter Hypertonie durch einen einfachen, robusten Bluttest.<\/p><p>Der Test basiert auf einer Serumprobe, bei der zeitgleich mehrere blutdruckregulierende Hormone gemessen werden. Der Serumspiegel dieser Hormone wird mittels klinischer Massenspektrometrie bestimmt und zur Berechnung der bahnbrechenden RAAS Triple-A\u2122 Biomarker herangezogen.<\/p><p>Das Verfahren ist mit g\u00e4ngigen Laborabl\u00e4ufen kompatibel und liefert genaue, reproduzierbare Messergebnisse. Ein Software-Tool bietet optionale Unterst\u00fctzung bei der Befunderstellung. Das Testergebnis gibt Aufschluss \u00fcber die individuellen Ursachen der Hypertonie und enth\u00e4lt eine personalisierte Behandlungsempfehlung.<\/p><p>Einzigartige Diagnostik f\u00fcr den optimalen Therapieerfolg.\u00a0<\/p>\t\t\n\t\t\t<style>\/*! elementor - v3.6.8 - 27-07-2022 *\/\n.elementor-widget-image{text-align:center}.elementor-widget-image a{display:inline-block}.elementor-widget-image a img[src$=\".svg\"]{width:48px}.elementor-widget-image img{vertical-align:middle;display:inline-block}<\/style>\t\t\t\t\t\t\t\t\t\t\t\t<img width=\"279\" height=\"300\" src=\"http:\/\/raastriple-a.com\/wp-content\/uploads\/2022\/08\/4-icons-279x300.jpg\" alt=\"\" loading=\"lazy\" srcset=\"http:\/\/raastriple-a.com\/wp-content\/uploads\/2022\/08\/4-icons-279x300.jpg 279w, http:\/\/raastriple-a.com\/wp-content\/uploads\/2022\/08\/4-icons-768x827.jpg 768w, http:\/\/raastriple-a.com\/wp-content\/uploads\/2022\/08\/4-icons-11x12.jpg 11w, http:\/\/raastriple-a.com\/wp-content\/uploads\/2022\/08\/4-icons-480x517.jpg 480w, http:\/\/raastriple-a.com\/wp-content\/uploads\/2022\/08\/4-icons-600x646.jpg 600w, http:\/\/raastriple-a.com\/wp-content\/uploads\/2022\/08\/4-icons.jpg 833w\" sizes=\"(max-width: 279px) 100vw, 279px\" \/>\t\t\t\t\t\t\t\t\t\t\t\t\t\t\t\n\t\t\t<h3>Warum ist RAAS Triple-A\u2122 einzigartig?<\/h3>\t\t\n\t\t<h3><strong>einfach.<\/strong><\/h3><p>Die Blutabnahme erfolgt in Form eines Serum-R\u00f6hrchens unter laufender Medikation. Der RAAS\u00a0<\/p><p>Triple-A\u2122 Test verf\u00fcgt \u00fcber eine robuste Pr\u00e4-Analytik, ist in die Standard Laborroutine eingebunden und liefert eine klare klinische Interpretation auf Basis mehrerer blutdruckrelevanter Biomarker.<\/p>\u00a0<h3><strong>personalisiert.<\/strong><\/h3><p>Der \u00fcbermittelte Befund enth\u00e4lt die Messwerte, die RAAS Triple-A\u2122 Biomarker und eine gezielte Therapieempfehlung unter Ber\u00fccksichtigung der laufenden Medikation. Dieser bildet die Grundlage f\u00fcr eine effiziente und personalisierte Therapie von Bluthochdruck.<\/p>\u00a0<h3><strong>effektiv.<\/strong><\/h3><p>Die Analyse basiert auf einem patentierten Verfahren, wird auf einem hochsensitiven\u00a0<\/p><p>Massenspektrometer durchgef\u00fchrt und garantiert exakte Messergebnisse. Die Nutzung von Angiotensinen als klinische Biomarker in der Hypertonie ist eine Weltneuheit und wurde in\u00a0 internationalen klinischen Studien validiert.<\/p>\t\t\n\t\t\t<h3>RAAS Triple-A\u2122 Kit f\u00fcr Medizinische Labore<\/h3>\t\t\n\t\t\t\t\t\t\t\t\t\t\t\t\t\t\t<img src=\"http:\/\/raastriple-a.com\/wp-content\/plugins\/elementor\/assets\/images\/placeholder.png\" title=\"\" alt=\"\" \/>\t\t\t\t\t\t\t\t\t\t\t\t\t\t\t\n\t\t\t<h3>Kombinierte Angiotensin-Biomarker<\/h3>\t\t\n\t\t<p>Die RAAS Triple-A\u2122 Biomarker setzen sich aus drei kombinierten Angiotensin-Biomarkern zusammen: PRA-S, dem Marker f\u00fcr Renin, ACE-S, dem Marker f\u00fcr die ACE-Aktivit\u00e4t und AA2-Ratio, dem Verh\u00e4ltnis von Aldosteron zu Angiotensin II.\u00a0<\/p><p>\u00a0<\/p><p>Neben einem Screening auf sekund\u00e4re Ursachen der Hypertonieerfassen die innovativen RAAS Triple-A\u2122 Biomarker auch die pharmakologische Wirksamkeit von RAAS-Blockern und damit auch Dosierung und Therapieadh\u00e4renz. Interpretation und Behandlungsempfehlungen basieren auf internationalen klinischen Validierungsstudien und sind im Einklang mit den geltenden Richtlinien der Fachgesellschaften<\/p>\t\t\n\t\t\t\t\t\t\t\t\t\t\t\t\t\t\t<img width=\"768\" height=\"505\" src=\"http:\/\/raastriple-a.com\/wp-content\/uploads\/2022\/07\/D_img_photo1short-768x505.png\" alt=\"\" loading=\"lazy\" srcset=\"http:\/\/raastriple-a.com\/wp-content\/uploads\/2022\/07\/D_img_photo1short-768x505.png 768w, http:\/\/raastriple-a.com\/wp-content\/uploads\/2022\/07\/D_img_photo1short-300x197.png 300w, http:\/\/raastriple-a.com\/wp-content\/uploads\/2022\/07\/D_img_photo1short-480x316.png 480w, http:\/\/raastriple-a.com\/wp-content\/uploads\/2022\/07\/D_img_photo1short-600x395.png 600w, http:\/\/raastriple-a.com\/wp-content\/uploads\/2022\/07\/D_img_photo1short.png 836w\" sizes=\"(max-width: 768px) 100vw, 768px\" \/>\t\t\t\t\t\t\t\t\t\t\t\t\t\t\t\n\t\t\t\t\t\t\t\t\t\t\t\t\t\t\t<img src=\"http:\/\/raastriple-a.com\/wp-content\/plugins\/elementor\/assets\/images\/placeholder.png\" title=\"\" alt=\"\" \/>\t\t\t\t\t\t\t\t\t\t\t\t\t\t\t\n\t\t\t\t\t\t\t\t\t\t\t\t\t\t\t<img src=\"http:\/\/raastriple-a.com\/wp-content\/plugins\/elementor\/assets\/images\/placeholder.png\" title=\"\" alt=\"\" \/>\t\t\t\t\t\t\t\t\t\t\t\t\t\t\t\n\t\t\t\t\t\t\t\t\t\t\t\t\t\t\t<img src=\"http:\/\/raastriple-a.com\/wp-content\/plugins\/elementor\/assets\/images\/placeholder.png\" title=\"\" alt=\"\" \/>\t\t\t\t\t\t\t\t\t\t\t\t\t\t\t\n\t\t<p>\u2022 Screening auf h\u00e4modynamisch\u00a0wirksame renale Perfusionsst\u00f6rungen der Niere\u00a0<\/p><p>\u2022 Beurteilung der pharmako-logischen Wirksamkeit\u00a0von RAAS-Blockern<\/p><p>\u2022 Beurteilung der pharmakologischen\u00a0Wirksamkeit von ACE-Hemmern<\/p><p>\u2022 Bestimmungn der ACE-Aktivit\u00e4t<\/p><p>\u2022 Screening auf prim\u00e4ren\u00a0Hyperaldosteronismus (PHA)<\/p><p>\u2022 Beurteilung der pharmakologischen\u00a0Wirksamkeit von Sartanen<\/p>\t\t\n\t\t\t<h3>Erstellung eines Hypertonieprofils<\/h3>\t\t\n\t\t<p>Die RAAS Triple-A\u2122Analyse eignet sich besonders f\u00fcr Hypertoniker, die bisher nicht auf die Therapie ansprechen.<\/p><p>Das Diagnoseverfahren erfordert die Gewinnung einer Serumprobe von mindestens 0,5 ml. Die Patienten sollten unter ihrer laufenden anti-hypertensiven\u00a0 Therapie getestet werden. Mit einer Stabilit\u00e4t von mindestens acht Stunden bei Raumtemperatur ist die Pr\u00e4-Analytik au\u00dferordentlich robust und mit den g\u00e4ngigen Laborabl\u00e4ufen kompatibel.\u00a0<\/p><p>Der \u00fcbermittelte Befund enth\u00e4lt die Messwerte, die RAAS Triple-A\u2122 Biomarker und eine personalisierte Behandlungsempfehlung f\u00fcr den optimalen Therapieerfolg.<\/p><p>Gemeinsam f\u00fcr eine bessere Lebensqualit\u00e4t<\/p>\u00a0<h1>FAQ<\/h1><h1>Antworten auf h\u00e4ufige Fragen<\/h1><h2>____________<\/h2>\n<h2>Allgemeing<\/h2>\t\t\n\t\t\t<style>\/*! elementor - v3.6.8 - 27-07-2022 *\/\n.elementor-accordion{text-align:left}.elementor-accordion .elementor-accordion-item{border:1px solid #d4d4d4}.elementor-accordion .elementor-accordion-item+.elementor-accordion-item{border-top:none}.elementor-accordion .elementor-tab-title{margin:0;padding:15px 20px;font-weight:700;line-height:1;cursor:pointer;outline:none}.elementor-accordion .elementor-tab-title .elementor-accordion-icon{display:inline-block;width:1.5em}.elementor-accordion .elementor-tab-title .elementor-accordion-icon svg{width:1em;height:1em}.elementor-accordion .elementor-tab-title .elementor-accordion-icon.elementor-accordion-icon-right{float:right;text-align:right}.elementor-accordion .elementor-tab-title .elementor-accordion-icon.elementor-accordion-icon-left{float:left;text-align:left}.elementor-accordion .elementor-tab-title .elementor-accordion-icon .elementor-accordion-icon-closed{display:block}.elementor-accordion .elementor-tab-title .elementor-accordion-icon .elementor-accordion-icon-opened,.elementor-accordion .elementor-tab-title.elementor-active .elementor-accordion-icon-closed{display:none}.elementor-accordion .elementor-tab-title.elementor-active .elementor-accordion-icon-opened{display:block}.elementor-accordion .elementor-tab-content{display:none;padding:15px 20px;border-top:1px solid #d4d4d4}@media (max-width:767px){.elementor-accordion .elementor-tab-title{padding:12px 15px}.elementor-accordion .elementor-tab-title .elementor-accordion-icon{width:1.2em}.elementor-accordion .elementor-tab-content{padding:7px 15px}}<\/style>\t\t\n\t\t\t\t\t\t\t\t\t\t\t\t<a href=\"\">Welche Patienten profitieren von der Untersuchung?<\/a>\n\t\t\t\t\tLorem ipsum dolor sit amet, consectetur adipiscing elit. Ut elit tellus, luctus nec ullamcorper mattis, pulvinar dapibus leo.\n\t\t\t\t\t\t\t\t\t\t\t\t<a href=\"\">Was ist bei der Untersuchung zu beachten?<\/a>\n\t\t\t\t\tLorem ipsum dolor sit amet, consectetur adipiscing elit. Ut elit tellus, luctus nec ullamcorper mattis, pulvinar dapibus leo.\n\t\t\t\t\t\t\t\t\t\t\t\t<a href=\"\">Was wird beim  RAAS Triple-A\u2122 Test gemessen?<\/a>\n\t\t\t\t\tLorem ipsum dolor sit amet, consectetur adipiscing elit. Ut elit tellus, luctus nec ullamcorper mattis, pulvinar dapibus leo.\n\t\t\t\t\t\t\t\t\t\t\t\t<a href=\"\">Wozu dienen die RAAS Triple-A\u2122 Biomarker?<\/a>\n\t\t\t\t\tLorem ipsum dolor sit amet, consectetur adipiscing elit. Ut elit tellus, luctus nec ullamcorper mattis, pulvinar dapibus leo.\n\t\t\t\t\t\t\t\t\t\t\t\t<a href=\"\">Wie entsteht ein  RAAS Triple-A\u2122 Befund?<\/a>\n\t\t\t\t\tLorem ipsum dolor sit amet, consectetur adipiscing elit. Ut elit tellus, luctus nec ullamcorper mattis, pulvinar dapibus leo.\n\t\t\t\t\t\t\t\t\t\t\t\t<a href=\"\">Welche Informationen liefert der Befund?<\/a>\n\t\t\t\t\t<p>Lorem ipsum dolor sit amet, consectetur adipiscing elit. Ut elit tellus, luctus nec ullamcorper mattis, pulvinar dapibus leo.<\/p>\n\t\t<h2>____________<\/h2>\n<h2>Logistik<\/h2>\t\t\n\t\t\t\t\t\t\t\t\t\t\t\t<a href=\"\">Wie funktioniert die Probenlogistik?<\/a>\n\t\t\t\t\tLorem ipsum dolor sit amet, consectetur adipiscing elit. Ut elit tellus, luctus nec ullamcorper mattis, pulvinar dapibus leo.\n\t\t\t\t\t\t\t\t\t\t\t\t<a href=\"\">Wie lange k\u00f6nnen die Proben gelagert werden?<\/a>\n\t\t\t\t\tLorem ipsum dolor sit amet, consectetur adipiscing elit. Ut elit tellus, luctus nec ullamcorper mattis, pulvinar dapibus leo.\n\t\t\t\t\t\t\t\t\t\t\t\t<a href=\"\">Wie lange dauert es, bis ich das Testergebnis bekomme?<\/a>\n\t\t\t\t\tLorem ipsum dolor sit amet, consectetur adipiscing elit. Ut elit tellus, luctus nec ullamcorper mattis, pulvinar dapibus leo.\n\t\t\t<h3>Sie sind an der RAAS Triple-A\u2122 Analyse interessiert?<br><br>Kontaktieren Sie uns            |          Download Portal <\/h3>\t\t\n\t\t<h1>Zum Newsletter anmelden<\/h1>","_et_gb_content_width":"","footnotes":""},"class_list":["post-451","page","type-page","status-publish","hentry"],"_links":{"self":[{"href":"https:\/\/raastriple-a.com\/de\/wp-json\/wp\/v2\/pages\/451","targetHints":{"allow":["GET"]}}],"collection":[{"href":"https:\/\/raastriple-a.com\/de\/wp-json\/wp\/v2\/pages"}],"about":[{"href":"https:\/\/raastriple-a.com\/de\/wp-json\/wp\/v2\/types\/page"}],"author":[{"embeddable":true,"href":"https:\/\/raastriple-a.com\/de\/wp-json\/wp\/v2\/users\/1"}],"replies":[{"embeddable":true,"href":"https:\/\/raastriple-a.com\/de\/wp-json\/wp\/v2\/comments?post=451"}],"version-history":[{"count":35,"href":"https:\/\/raastriple-a.com\/de\/wp-json\/wp\/v2\/pages\/451\/revisions"}],"predecessor-version":[{"id":3639,"href":"https:\/\/raastriple-a.com\/de\/wp-json\/wp\/v2\/pages\/451\/revisions\/3639"}],"wp:attachment":[{"href":"https:\/\/raastriple-a.com\/de\/wp-json\/wp\/v2\/media?parent=451"}],"curies":[{"name":"wp","href":"https:\/\/api.w.org\/{rel}","templated":true}]}}